{"id":3779,"date":"2025-04-30T22:17:36","date_gmt":"2025-05-01T01:17:36","guid":{"rendered":"https:\/\/potenciasolar.com.br\/?page_id=3779"},"modified":"2025-04-30T22:17:36","modified_gmt":"2025-05-01T01:17:36","slug":"condominios","status":"publish","type":"page","link":"https:\/\/potenciasolar.com.br\/?page_id=3779","title":{"rendered":"Condom\u00ednios"},"content":{"rendered":"","protected":false},"excerpt":{"rendered":"","protected":false},"author":1,"featured_media":0,"parent":0,"menu_order":0,"comment_status":"closed","ping_status":"closed","template":"","meta":{"saved_in_kubio":false,"om_disable_all_campaigns":false,"footnotes":""},"class_list":["post-3779","page","type-page","status-publish","hentry"],"kubio_ai_page_context":{"short_desc":"","purpose":"general"},"yoast_head":"<!-- This site is optimized with the Yoast SEO plugin v27.5 - https:\/\/yoast.com\/product\/yoast-seo-wordpress\/ -->\n<title>Condom\u00ednios - Potencia Solar \u2013 Energia Solar Fotovoltaica &amp; Servi\u00e7os El\u00e9tricos<\/title>\n<meta name=\"robots\" content=\"index, follow, max-snippet:-1, max-image-preview:large, max-video-preview:-1\" \/>\n<link rel=\"canonical\" href=\"https:\/\/potenciasolar.com.br\/?page_id=3779\" \/>\n<meta property=\"og:locale\" content=\"pt_BR\" \/>\n<meta property=\"og:type\" content=\"article\" \/>\n<meta property=\"og:title\" content=\"Condom\u00ednios - Potencia Solar \u2013 Energia Solar Fotovoltaica &amp; Servi\u00e7os El\u00e9tricos\" \/>\n<meta property=\"og:url\" content=\"https:\/\/potenciasolar.com.br\/?page_id=3779\" \/>\n<meta property=\"og:site_name\" content=\"Potencia Solar \u2013 Energia Solar Fotovoltaica &amp; Servi\u00e7os El\u00e9tricos\" \/>\n<meta property=\"article:publisher\" content=\"https:\/\/www.facebook.com\/potenciasolar_-104193265384586\" \/>\n<meta name=\"twitter:card\" content=\"summary_large_image\" \/>\n<script type=\"application\/ld+json\" class=\"yoast-schema-graph\">{\"@context\":\"https:\\\/\\\/schema.org\",\"@graph\":[{\"@type\":\"WebPage\",\"@id\":\"https:\\\/\\\/potenciasolar.com.br\\\/?page_id=3779\",\"url\":\"https:\\\/\\\/potenciasolar.com.br\\\/?page_id=3779\",\"name\":\"Condom\u00ednios - Potencia Solar \u2013 Energia Solar Fotovoltaica &amp; Servi\u00e7os El\u00e9tricos\",\"isPartOf\":{\"@id\":\"https:\\\/\\\/potenciasolar.com.br\\\/#website\"},\"datePublished\":\"2025-05-01T01:17:36+00:00\",\"breadcrumb\":{\"@id\":\"https:\\\/\\\/potenciasolar.com.br\\\/?page_id=3779#breadcrumb\"},\"inLanguage\":\"pt-BR\",\"potentialAction\":[{\"@type\":\"ReadAction\",\"target\":[\"https:\\\/\\\/potenciasolar.com.br\\\/?page_id=3779\"]}]},{\"@type\":\"BreadcrumbList\",\"@id\":\"https:\\\/\\\/potenciasolar.com.br\\\/?page_id=3779#breadcrumb\",\"itemListElement\":[{\"@type\":\"ListItem\",\"position\":1,\"name\":\"In\u00edcio\",\"item\":\"https:\\\/\\\/potenciasolar.com.br\\\/\"},{\"@type\":\"ListItem\",\"position\":2,\"name\":\"Condom\u00ednios\"}]},{\"@type\":\"WebSite\",\"@id\":\"https:\\\/\\\/potenciasolar.com.br\\\/#website\",\"url\":\"https:\\\/\\\/potenciasolar.com.br\\\/\",\"name\":\"Potencia Solar \u2013 Energia Solar Fotovoltaica &amp; Servi\u00e7os El\u00e9tricos\",\"description\":\"Somos uma empresa de Bras\u00edlia com 6 anos de experi\u00eancia no mercado de energia solar. Especializados em solu\u00e7\u00f5es completas para resid\u00eancias e empresas, fornecemos sistemas de alta qualidade e efici\u00eancia para que voc\u00ea possa produzir sua pr\u00f3pria energia e economizar de forma sustent\u00e1vel.\",\"publisher\":{\"@id\":\"https:\\\/\\\/potenciasolar.com.br\\\/#organization\"},\"potentialAction\":[{\"@type\":\"SearchAction\",\"target\":{\"@type\":\"EntryPoint\",\"urlTemplate\":\"https:\\\/\\\/potenciasolar.com.br\\\/?s={search_term_string}\"},\"query-input\":{\"@type\":\"PropertyValueSpecification\",\"valueRequired\":true,\"valueName\":\"search_term_string\"}}],\"inLanguage\":\"pt-BR\"},{\"@type\":\"Organization\",\"@id\":\"https:\\\/\\\/potenciasolar.com.br\\\/#organization\",\"name\":\"Pot\u00eancia Solar\",\"url\":\"https:\\\/\\\/potenciasolar.com.br\\\/\",\"logo\":{\"@type\":\"ImageObject\",\"inLanguage\":\"pt-BR\",\"@id\":\"https:\\\/\\\/potenciasolar.com.br\\\/#\\\/schema\\\/logo\\\/image\\\/\",\"url\":\"https:\\\/\\\/potenciasolar.com.br\\\/wp-content\\\/uploads\\\/2022\\\/01\\\/logo-potencia.png\",\"contentUrl\":\"https:\\\/\\\/potenciasolar.com.br\\\/wp-content\\\/uploads\\\/2022\\\/01\\\/logo-potencia.png\",\"width\":400,\"height\":272,\"caption\":\"Pot\u00eancia Solar\"},\"image\":{\"@id\":\"https:\\\/\\\/potenciasolar.com.br\\\/#\\\/schema\\\/logo\\\/image\\\/\"},\"sameAs\":[\"https:\\\/\\\/www.facebook.com\\\/potenciasolar_-104193265384586\",\"https:\\\/\\\/www.instagram.com\\\/potenciasolar_\\\/\"]}]}<\/script>\n<!-- \/ Yoast SEO plugin. -->","yoast_head_json":{"title":"Condom\u00ednios - Potencia Solar \u2013 Energia Solar Fotovoltaica &amp; Servi\u00e7os El\u00e9tricos","robots":{"index":"index","follow":"follow","max-snippet":"max-snippet:-1","max-image-preview":"max-image-preview:large","max-video-preview":"max-video-preview:-1"},"canonical":"https:\/\/potenciasolar.com.br\/?page_id=3779","og_locale":"pt_BR","og_type":"article","og_title":"Condom\u00ednios - Potencia Solar \u2013 Energia Solar Fotovoltaica &amp; Servi\u00e7os El\u00e9tricos","og_url":"https:\/\/potenciasolar.com.br\/?page_id=3779","og_site_name":"Potencia Solar \u2013 Energia Solar Fotovoltaica &amp; Servi\u00e7os El\u00e9tricos","article_publisher":"https:\/\/www.facebook.com\/potenciasolar_-104193265384586","twitter_card":"summary_large_image","schema":{"@context":"https:\/\/schema.org","@graph":[{"@type":"WebPage","@id":"https:\/\/potenciasolar.com.br\/?page_id=3779","url":"https:\/\/potenciasolar.com.br\/?page_id=3779","name":"Condom\u00ednios - Potencia Solar \u2013 Energia Solar Fotovoltaica &amp; Servi\u00e7os El\u00e9tricos","isPartOf":{"@id":"https:\/\/potenciasolar.com.br\/#website"},"datePublished":"2025-05-01T01:17:36+00:00","breadcrumb":{"@id":"https:\/\/potenciasolar.com.br\/?page_id=3779#breadcrumb"},"inLanguage":"pt-BR","potentialAction":[{"@type":"ReadAction","target":["https:\/\/potenciasolar.com.br\/?page_id=3779"]}]},{"@type":"BreadcrumbList","@id":"https:\/\/potenciasolar.com.br\/?page_id=3779#breadcrumb","itemListElement":[{"@type":"ListItem","position":1,"name":"In\u00edcio","item":"https:\/\/potenciasolar.com.br\/"},{"@type":"ListItem","position":2,"name":"Condom\u00ednios"}]},{"@type":"WebSite","@id":"https:\/\/potenciasolar.com.br\/#website","url":"https:\/\/potenciasolar.com.br\/","name":"Potencia Solar \u2013 Energia Solar Fotovoltaica &amp; Servi\u00e7os El\u00e9tricos","description":"Somos uma empresa de Bras\u00edlia com 6 anos de experi\u00eancia no mercado de energia solar. Especializados em solu\u00e7\u00f5es completas para resid\u00eancias e empresas, fornecemos sistemas de alta qualidade e efici\u00eancia para que voc\u00ea possa produzir sua pr\u00f3pria energia e economizar de forma sustent\u00e1vel.","publisher":{"@id":"https:\/\/potenciasolar.com.br\/#organization"},"potentialAction":[{"@type":"SearchAction","target":{"@type":"EntryPoint","urlTemplate":"https:\/\/potenciasolar.com.br\/?s={search_term_string}"},"query-input":{"@type":"PropertyValueSpecification","valueRequired":true,"valueName":"search_term_string"}}],"inLanguage":"pt-BR"},{"@type":"Organization","@id":"https:\/\/potenciasolar.com.br\/#organization","name":"Pot\u00eancia Solar","url":"https:\/\/potenciasolar.com.br\/","logo":{"@type":"ImageObject","inLanguage":"pt-BR","@id":"https:\/\/potenciasolar.com.br\/#\/schema\/logo\/image\/","url":"https:\/\/potenciasolar.com.br\/wp-content\/uploads\/2022\/01\/logo-potencia.png","contentUrl":"https:\/\/potenciasolar.com.br\/wp-content\/uploads\/2022\/01\/logo-potencia.png","width":400,"height":272,"caption":"Pot\u00eancia Solar"},"image":{"@id":"https:\/\/potenciasolar.com.br\/#\/schema\/logo\/image\/"},"sameAs":["https:\/\/www.facebook.com\/potenciasolar_-104193265384586","https:\/\/www.instagram.com\/potenciasolar_\/"]}]}},"_links":{"self":[{"href":"https:\/\/potenciasolar.com.br\/index.php?rest_route=\/wp\/v2\/pages\/3779","targetHints":{"allow":["GET"]}}],"collection":[{"href":"https:\/\/potenciasolar.com.br\/index.php?rest_route=\/wp\/v2\/pages"}],"about":[{"href":"https:\/\/potenciasolar.com.br\/index.php?rest_route=\/wp\/v2\/types\/page"}],"author":[{"embeddable":true,"href":"https:\/\/potenciasolar.com.br\/index.php?rest_route=\/wp\/v2\/users\/1"}],"replies":[{"embeddable":true,"href":"https:\/\/potenciasolar.com.br\/index.php?rest_route=%2Fwp%2Fv2%2Fcomments&post=3779"}],"version-history":[{"count":1,"href":"https:\/\/potenciasolar.com.br\/index.php?rest_route=\/wp\/v2\/pages\/3779\/revisions"}],"predecessor-version":[{"id":3783,"href":"https:\/\/potenciasolar.com.br\/index.php?rest_route=\/wp\/v2\/pages\/3779\/revisions\/3783"}],"wp:attachment":[{"href":"https:\/\/potenciasolar.com.br\/index.php?rest_route=%2Fwp%2Fv2%2Fmedia&parent=3779"}],"curies":[{"name":"wp","href":"https:\/\/api.w.org\/{rel}","templated":true}]}}