{"id":22,"date":"2021-06-19T15:39:55","date_gmt":"2021-06-19T15:39:55","guid":{"rendered":"http:\/\/localhost:8888\/capatel\/?page_id=22"},"modified":"2025-07-14T13:01:23","modified_gmt":"2025-07-14T16:01:23","slug":"our-services","status":"publish","type":"page","link":"https:\/\/potenciasolar.com.br\/?page_id=22","title":{"rendered":"Servi\u00e7os"},"content":{"rendered":"\t\t<div data-elementor-type=\"wp-page\" data-elementor-id=\"22\" class=\"elementor elementor-22\">\n\t\t\t\t<div class=\"elementor-element elementor-element-39341aa e-flex e-con-boxed e-con e-parent\" data-id=\"39341aa\" data-element_type=\"container\" data-e-type=\"container\">\n\t\t\t\t\t<div class=\"e-con-inner\">\n\t\t\t\t<div class=\"elementor-element elementor-element-fb668aa elementor-widget elementor-widget-spacer\" data-id=\"fb668aa\" data-element_type=\"widget\" data-e-type=\"widget\" data-widget_type=\"spacer.default\">\n\t\t\t\t<div class=\"elementor-widget-container\">\n\t\t\t\t\t\t\t<div class=\"elementor-spacer\">\n\t\t\t<div class=\"elementor-spacer-inner\"><\/div>\n\t\t<\/div>\n\t\t\t\t\t\t<\/div>\n\t\t\t\t<\/div>\n\t\t\t\t\t<\/div>\n\t\t\t\t<\/div>\n\t\t<div class=\"elementor-element elementor-element-33a0a73 e-grid e-con-boxed e-con e-parent\" data-id=\"33a0a73\" data-element_type=\"container\" data-e-type=\"container\">\n\t\t\t\t\t<div class=\"e-con-inner\">\n\t\t<div class=\"elementor-element elementor-element-4de8738 e-con-full e-flex e-con e-child\" data-id=\"4de8738\" data-element_type=\"container\" data-e-type=\"container\">\n\t\t\t\t<\/div>\n\t\t\t\t<div class=\"elementor-element elementor-element-1c1998d elementor-widget elementor-widget-heading\" data-id=\"1c1998d\" data-element_type=\"widget\" data-e-type=\"widget\" data-widget_type=\"heading.default\">\n\t\t\t\t<div class=\"elementor-widget-container\">\n\t\t\t\t\t<h3 class=\"elementor-heading-title elementor-size-default\">Muito al\u00e9m de energia solar. Entregamos liberdade.<\/h3>\t\t\t\t<\/div>\n\t\t\t\t<\/div>\n\t\t\t\t<div class=\"elementor-element elementor-element-d4c9ea1 elementor-widget elementor-widget-spacer\" data-id=\"d4c9ea1\" data-element_type=\"widget\" data-e-type=\"widget\" data-widget_type=\"spacer.default\">\n\t\t\t\t<div class=\"elementor-widget-container\">\n\t\t\t\t\t\t\t<div class=\"elementor-spacer\">\n\t\t\t<div class=\"elementor-spacer-inner\"><\/div>\n\t\t<\/div>\n\t\t\t\t\t\t<\/div>\n\t\t\t\t<\/div>\n\t\t\t\t\t<\/div>\n\t\t\t\t<\/div>\n\t\t<div class=\"elementor-element elementor-element-caf08b8 e-flex e-con-boxed e-con e-parent\" data-id=\"caf08b8\" data-element_type=\"container\" data-e-type=\"container\">\n\t\t\t\t\t<div class=\"e-con-inner\">\n\t\t\t\t<div class=\"elementor-element elementor-element-c0ea91d elementor-widget__width-initial elementor-widget elementor-widget-text-editor\" data-id=\"c0ea91d\" data-element_type=\"widget\" data-e-type=\"widget\" data-widget_type=\"text-editor.default\">\n\t\t\t\t<div class=\"elementor-widget-container\">\n\t\t\t\t\t\t\t\t\t<h2><span style=\"font-weight: normal;\"><img decoding=\"async\" draggable=\"false\" role=\"img\" class=\"emoji\" alt=\"\u2600\ufe0f\" src=\"https:\/\/s.w.org\/images\/core\/emoji\/15.1.0\/svg\/2600.svg\"> <span data-start=\"772\" data-end=\"816\" style=\"\">Projetos Personalizados de Energia Solar<\/span><\/span><\/h2>\n<p data-start=\"819\" data-end=\"1042\">Cada cliente tem uma realidade \u00fanica. Por isso, desenhamos sistemas inteligentes para resid\u00eancias, com\u00e9rcios, ind\u00fastrias e condom\u00ednios. Tudo pensado para <strong data-start=\"973\" data-end=\"1042\">entregar o melhor retorno e efici\u00eancia com seguran\u00e7a e prop\u00f3sito.<\/strong><\/p>\n<h2><span style=\"font-weight: normal;\"><img decoding=\"async\" draggable=\"false\" role=\"img\" class=\"emoji\" alt=\"\ud83d\udd27\" src=\"https:\/\/s.w.org\/images\/core\/emoji\/15.1.0\/svg\/1f527.svg\"> <span data-start=\"1051\" data-end=\"1091\">Venda e Instala\u00e7\u00e3o de Placas Solares<\/span><\/span><\/h2>\n<p data-start=\"1094\" data-end=\"1282\">Trabalhamos com equipamentos certificados e de alta performance, mas o diferencial est\u00e1 no nosso cuidado: <strong data-start=\"1200\" data-end=\"1282\">da venda \u00e0 instala\u00e7\u00e3o, acompanhamos cada etapa com transpar\u00eancia e excel\u00eancia.<\/strong><\/p>\n<h2><span style=\"font-weight: normal;\"><img decoding=\"async\" draggable=\"false\" role=\"img\" class=\"emoji\" alt=\"\ud83d\ude97\" src=\"https:\/\/s.w.org\/images\/core\/emoji\/15.1.0\/svg\/1f697.svg\"> <span data-start=\"1291\" data-end=\"1343\">Instala\u00e7\u00e3o de Carregadores para Carros El\u00e9tricos<\/span><\/span><\/h2>\n<p data-start=\"1346\" data-end=\"1521\">A energia do amanh\u00e3 come\u00e7a hoje. Instalamos carregadores compat\u00edveis com as principais marcas, garantindo <strong data-start=\"1452\" data-end=\"1521\">mobilidade el\u00e9trica com seguran\u00e7a, tecnologia e responsabilidade.<\/strong><\/p>\n<h2><span style=\"font-weight: normal;\"><img decoding=\"async\" draggable=\"false\" role=\"img\" class=\"emoji\" alt=\"\ud83e\uddfc\" src=\"https:\/\/s.w.org\/images\/core\/emoji\/15.1.0\/svg\/1f9fc.svg\"> <span data-start=\"1530\" data-end=\"1565\">Limpeza e Manuten\u00e7\u00e3o Preventiva<\/span><\/span><\/h2>\n<p data-start=\"1568\" data-end=\"1728\">Energia de qualidade \u00e9 energia bem cuidada. Realizamos limpezas t\u00e9cnicas, inspe\u00e7\u00f5es e ajustes regulares para <strong data-start=\"1677\" data-end=\"1728\">garantir performance, economia e tranquilidade.<\/strong><\/p>\n<h2><span style=\"font-weight: normal;\"><img decoding=\"async\" draggable=\"false\" role=\"img\" class=\"emoji\" alt=\"\ud83d\udcc4\" src=\"https:\/\/s.w.org\/images\/core\/emoji\/15.1.0\/svg\/1f4c4.svg\"> <span data-start=\"1737\" data-end=\"1783\">Documenta\u00e7\u00e3o e Homologa\u00e7\u00e3o Sem Complica\u00e7\u00e3o<\/span><\/span><\/h2>\n<p data-start=\"1786\" data-end=\"1971\">Voc\u00ea n\u00e3o precisa entender de tr\u00e2mites legais \u2014 <strong data-start=\"1833\" data-end=\"1858\">n\u00f3s cuidamos de tudo.<\/strong> Desde a aprova\u00e7\u00e3o junto \u00e0 concession\u00e1ria at\u00e9 os registros e autoriza\u00e7\u00f5es, entregamos tudo pronto para funcionar.<\/p>\n<h2><span style=\"font-weight: normal;\"><img decoding=\"async\" draggable=\"false\" role=\"img\" class=\"emoji\" alt=\"\u2699\ufe0f\" src=\"https:\/\/s.w.org\/images\/core\/emoji\/15.1.0\/svg\/2699.svg\"> <span data-start=\"1980\" data-end=\"2018\">Atualiza\u00e7\u00e3o de Sistemas Existentes<\/span><\/span><\/h2>\n<p data-start=\"2021\" data-end=\"2190\">Seu sistema solar j\u00e1 foi instalado? Talvez ele possa render ainda mais. Atualizamos e otimizamos projetos existentes com <strong data-start=\"2142\" data-end=\"2190\">novas tecnologias que ampliam seu potencial.<\/strong><\/p>\n<h2><span style=\"font-weight: normal;\"><img decoding=\"async\" draggable=\"false\" role=\"img\" class=\"emoji\" alt=\"\ud83e\udde0\" src=\"https:\/\/s.w.org\/images\/core\/emoji\/15.1.0\/svg\/1f9e0.svg\"> <span data-start=\"2199\" data-end=\"2235\">Consultoria T\u00e9cnica e Energ\u00e9tica<\/span><\/span><\/h2>\n<p data-start=\"2238\" data-end=\"2418\">Te ajudamos a tomar decis\u00f5es inteligentes. Com uma an\u00e1lise personalizada do seu consumo, nossos especialistas indicam <strong data-start=\"2356\" data-end=\"2418\">as melhores solu\u00e7\u00f5es para voc\u00ea economizar com consci\u00eancia.<\/strong><\/p>\n<h2><span style=\"font-weight: normal;\"><img decoding=\"async\" draggable=\"false\" role=\"img\" class=\"emoji\" alt=\"\ud83c\udf3e\" src=\"https:\/\/s.w.org\/images\/core\/emoji\/15.1.0\/svg\/1f33e.svg\"> <span data-start=\"2427\" data-end=\"2481\">Solu\u00e7\u00f5es para Condom\u00ednios, Empresas e \u00c1reas Rurais<\/span><\/span><\/h2>\n<p><\/p>\n<p data-start=\"2484\" data-end=\"2644\">Projetos escal\u00e1veis, pensados para demandas maiores. Atendemos condom\u00ednios, empresas e propriedades rurais com <strong data-start=\"2595\" data-end=\"2644\">sistemas robustos, eficientes e sustent\u00e1veis.<\/strong><\/p>\t\t\t\t\t\t\t\t<\/div>\n\t\t\t\t<\/div>\n\t\t\t\t\t<\/div>\n\t\t\t\t<\/div>\n\t\t<div class=\"elementor-element elementor-element-4bd701d e-flex e-con-boxed e-con e-parent\" data-id=\"4bd701d\" data-element_type=\"container\" data-e-type=\"container\">\n\t\t\t\t\t<div class=\"e-con-inner\">\n\t\t\t\t<div class=\"elementor-element elementor-element-eaf2150 elementor-widget elementor-widget-spacer\" data-id=\"eaf2150\" data-element_type=\"widget\" data-e-type=\"widget\" data-widget_type=\"spacer.default\">\n\t\t\t\t<div class=\"elementor-widget-container\">\n\t\t\t\t\t\t\t<div class=\"elementor-spacer\">\n\t\t\t<div class=\"elementor-spacer-inner\"><\/div>\n\t\t<\/div>\n\t\t\t\t\t\t<\/div>\n\t\t\t\t<\/div>\n\t\t\t\t\t<\/div>\n\t\t\t\t<\/div>\n\t\t<div class=\"elementor-element elementor-element-3d6e93d e-grid e-con-boxed e-con e-parent\" data-id=\"3d6e93d\" data-element_type=\"container\" data-e-type=\"container\" data-settings=\"{&quot;background_background&quot;:&quot;classic&quot;}\">\n\t\t\t\t\t<div class=\"e-con-inner\">\n\t\t\t\t<div class=\"elementor-element elementor-element-84bb7ee elementor-widget elementor-widget-heading\" data-id=\"84bb7ee\" data-element_type=\"widget\" data-e-type=\"widget\" data-widget_type=\"heading.default\">\n\t\t\t\t<div class=\"elementor-widget-container\">\n\t\t\t\t\t<h3 class=\"elementor-heading-title elementor-size-default\">Por que escolher a<br>Pot\u00eancia Solar?<\/h3>\t\t\t\t<\/div>\n\t\t\t\t<\/div>\n\t\t\t\t<div class=\"elementor-element elementor-element-ad2108f elementor-widget elementor-widget-text-editor\" data-id=\"ad2108f\" data-element_type=\"widget\" data-e-type=\"widget\" data-widget_type=\"text-editor.default\">\n\t\t\t\t<div class=\"elementor-widget-container\">\n\t\t\t\t\t\t\t\t\t<p><img decoding=\"async\" draggable=\"false\" role=\"img\" class=\"emoji\" alt=\"\u2714\ufe0f\" src=\"https:\/\/s.w.org\/images\/core\/emoji\/15.1.0\/svg\/2714.svg\"> Atendimento <strong data-start=\"2301\" data-end=\"2338\">consultivo, humano e transparente<\/strong> \u2014 do primeiro contato ao p\u00f3s-venda.<br data-start=\"2374\" data-end=\"2377\">\n<img decoding=\"async\" draggable=\"false\" role=\"img\" class=\"emoji\" alt=\"\u2714\ufe0f\" src=\"https:\/\/s.w.org\/images\/core\/emoji\/15.1.0\/svg\/2714.svg\"> Projetos completos com foco em <strong data-start=\"2411\" data-end=\"2447\">resultado, impacto e longevidade<\/strong>.<br data-start=\"2448\" data-end=\"2451\">\n<img decoding=\"async\" draggable=\"false\" role=\"img\" class=\"emoji\" alt=\"\u2714\ufe0f\" src=\"https:\/\/s.w.org\/images\/core\/emoji\/15.1.0\/svg\/2714.svg\"> <strong data-start=\"2454\" data-end=\"2512\">Alta tecnologia com prop\u00f3sito sustent\u00e1vel e consciente<\/strong>.<br data-start=\"2513\" data-end=\"2516\">\n<img decoding=\"async\" draggable=\"false\" role=\"img\" class=\"emoji\" alt=\"\u2714\ufe0f\" src=\"https:\/\/s.w.org\/images\/core\/emoji\/15.1.0\/svg\/2714.svg\"> Gest\u00e3o completa: <strong data-start=\"2536\" data-end=\"2583\">projeto, aprova\u00e7\u00e3o, instala\u00e7\u00e3o e manuten\u00e7\u00e3o<\/strong>.<br data-start=\"2584\" data-end=\"2587\">\n<img decoding=\"async\" draggable=\"false\" role=\"img\" class=\"emoji\" alt=\"\u2714\ufe0f\" src=\"https:\/\/s.w.org\/images\/core\/emoji\/15.1.0\/svg\/2714.svg\"> Energia limpa com <strong data-start=\"2608\" data-end=\"2646\">sofistica\u00e7\u00e3o, efici\u00eancia e cuidado<\/strong> em cada etapa.<\/p>\t\t\t\t\t\t\t\t<\/div>\n\t\t\t\t<\/div>\n\t\t\t\t\t<\/div>\n\t\t\t\t<\/div>\n\t\t\t\t<\/div>\n\t\t","protected":false},"excerpt":{"rendered":"<p>Muito al\u00e9m de energia solar. Entregamos liberdade. Projetos Personalizados de Energia Solar Cada cliente tem uma realidade \u00fanica. Por isso, desenhamos sistemas inteligentes para resid\u00eancias, com\u00e9rcios, ind\u00fastrias e condom\u00ednios. Tudo pensado para entregar o melhor retorno e efici\u00eancia com seguran\u00e7a e prop\u00f3sito. Venda e Instala\u00e7\u00e3o de Placas Solares Trabalhamos com equipamentos certificados e de alta [&hellip;]<\/p>\n","protected":false},"author":1,"featured_media":0,"parent":0,"menu_order":0,"comment_status":"closed","ping_status":"closed","template":"elementor_header_footer","meta":{"saved_in_kubio":false,"om_disable_all_campaigns":false,"footnotes":""},"class_list":["post-22","page","type-page","status-publish","hentry"],"kubio_ai_page_context":{"short_desc":"","purpose":"general"},"yoast_head":"<!-- This site is optimized with the Yoast SEO plugin v27.5 - https:\/\/yoast.com\/product\/yoast-seo-wordpress\/ -->\n<title>Servi\u00e7os - Potencia Solar \u2013 Energia Solar Fotovoltaica &amp; Servi\u00e7os El\u00e9tricos<\/title>\n<meta name=\"robots\" content=\"index, follow, max-snippet:-1, max-image-preview:large, max-video-preview:-1\" \/>\n<link rel=\"canonical\" href=\"https:\/\/potenciasolar.com.br\/?page_id=22\" \/>\n<meta property=\"og:locale\" content=\"pt_BR\" \/>\n<meta property=\"og:type\" content=\"article\" \/>\n<meta property=\"og:title\" content=\"Servi\u00e7os - Potencia Solar \u2013 Energia Solar Fotovoltaica &amp; Servi\u00e7os El\u00e9tricos\" \/>\n<meta property=\"og:description\" content=\"Muito al\u00e9m de energia solar. Entregamos liberdade. Projetos Personalizados de Energia Solar Cada cliente tem uma realidade \u00fanica. Por isso, desenhamos sistemas inteligentes para resid\u00eancias, com\u00e9rcios, ind\u00fastrias e condom\u00ednios. Tudo pensado para entregar o melhor retorno e efici\u00eancia com seguran\u00e7a e prop\u00f3sito. Venda e Instala\u00e7\u00e3o de Placas Solares Trabalhamos com equipamentos certificados e de alta [&hellip;]\" \/>\n<meta property=\"og:url\" content=\"https:\/\/potenciasolar.com.br\/?page_id=22\" \/>\n<meta property=\"og:site_name\" content=\"Potencia Solar \u2013 Energia Solar Fotovoltaica &amp; Servi\u00e7os El\u00e9tricos\" \/>\n<meta property=\"article:publisher\" content=\"https:\/\/www.facebook.com\/potenciasolar_-104193265384586\" \/>\n<meta property=\"article:modified_time\" content=\"2025-07-14T16:01:23+00:00\" \/>\n<meta property=\"og:image\" content=\"https:\/\/s.w.org\/images\/core\/emoji\/15.1.0\/svg\/2600.svg\" \/>\n<meta name=\"twitter:card\" content=\"summary_large_image\" \/>\n<meta name=\"twitter:label1\" content=\"Est. tempo de leitura\" \/>\n\t<meta name=\"twitter:data1\" content=\"5 minutos\" \/>\n<script type=\"application\/ld+json\" class=\"yoast-schema-graph\">{\"@context\":\"https:\\\/\\\/schema.org\",\"@graph\":[{\"@type\":\"WebPage\",\"@id\":\"https:\\\/\\\/potenciasolar.com.br\\\/?page_id=22\",\"url\":\"https:\\\/\\\/potenciasolar.com.br\\\/?page_id=22\",\"name\":\"Servi\u00e7os - Potencia Solar \u2013 Energia Solar Fotovoltaica &amp; Servi\u00e7os El\u00e9tricos\",\"isPartOf\":{\"@id\":\"https:\\\/\\\/potenciasolar.com.br\\\/#website\"},\"primaryImageOfPage\":{\"@id\":\"https:\\\/\\\/potenciasolar.com.br\\\/?page_id=22#primaryimage\"},\"image\":{\"@id\":\"https:\\\/\\\/potenciasolar.com.br\\\/?page_id=22#primaryimage\"},\"thumbnailUrl\":\"https:\\\/\\\/s.w.org\\\/images\\\/core\\\/emoji\\\/15.1.0\\\/svg\\\/2600.svg\",\"datePublished\":\"2021-06-19T15:39:55+00:00\",\"dateModified\":\"2025-07-14T16:01:23+00:00\",\"breadcrumb\":{\"@id\":\"https:\\\/\\\/potenciasolar.com.br\\\/?page_id=22#breadcrumb\"},\"inLanguage\":\"pt-BR\",\"potentialAction\":[{\"@type\":\"ReadAction\",\"target\":[\"https:\\\/\\\/potenciasolar.com.br\\\/?page_id=22\"]}]},{\"@type\":\"ImageObject\",\"inLanguage\":\"pt-BR\",\"@id\":\"https:\\\/\\\/potenciasolar.com.br\\\/?page_id=22#primaryimage\",\"url\":\"https:\\\/\\\/s.w.org\\\/images\\\/core\\\/emoji\\\/15.1.0\\\/svg\\\/2600.svg\",\"contentUrl\":\"https:\\\/\\\/s.w.org\\\/images\\\/core\\\/emoji\\\/15.1.0\\\/svg\\\/2600.svg\"},{\"@type\":\"BreadcrumbList\",\"@id\":\"https:\\\/\\\/potenciasolar.com.br\\\/?page_id=22#breadcrumb\",\"itemListElement\":[{\"@type\":\"ListItem\",\"position\":1,\"name\":\"In\u00edcio\",\"item\":\"https:\\\/\\\/potenciasolar.com.br\\\/\"},{\"@type\":\"ListItem\",\"position\":2,\"name\":\"Servi\u00e7os\"}]},{\"@type\":\"WebSite\",\"@id\":\"https:\\\/\\\/potenciasolar.com.br\\\/#website\",\"url\":\"https:\\\/\\\/potenciasolar.com.br\\\/\",\"name\":\"Potencia Solar \u2013 Energia Solar Fotovoltaica &amp; Servi\u00e7os El\u00e9tricos\",\"description\":\"Somos uma empresa de Bras\u00edlia com 6 anos de experi\u00eancia no mercado de energia solar. Especializados em solu\u00e7\u00f5es completas para resid\u00eancias e empresas, fornecemos sistemas de alta qualidade e efici\u00eancia para que voc\u00ea possa produzir sua pr\u00f3pria energia e economizar de forma sustent\u00e1vel.\",\"publisher\":{\"@id\":\"https:\\\/\\\/potenciasolar.com.br\\\/#organization\"},\"potentialAction\":[{\"@type\":\"SearchAction\",\"target\":{\"@type\":\"EntryPoint\",\"urlTemplate\":\"https:\\\/\\\/potenciasolar.com.br\\\/?s={search_term_string}\"},\"query-input\":{\"@type\":\"PropertyValueSpecification\",\"valueRequired\":true,\"valueName\":\"search_term_string\"}}],\"inLanguage\":\"pt-BR\"},{\"@type\":\"Organization\",\"@id\":\"https:\\\/\\\/potenciasolar.com.br\\\/#organization\",\"name\":\"Pot\u00eancia Solar\",\"url\":\"https:\\\/\\\/potenciasolar.com.br\\\/\",\"logo\":{\"@type\":\"ImageObject\",\"inLanguage\":\"pt-BR\",\"@id\":\"https:\\\/\\\/potenciasolar.com.br\\\/#\\\/schema\\\/logo\\\/image\\\/\",\"url\":\"https:\\\/\\\/potenciasolar.com.br\\\/wp-content\\\/uploads\\\/2022\\\/01\\\/logo-potencia.png\",\"contentUrl\":\"https:\\\/\\\/potenciasolar.com.br\\\/wp-content\\\/uploads\\\/2022\\\/01\\\/logo-potencia.png\",\"width\":400,\"height\":272,\"caption\":\"Pot\u00eancia Solar\"},\"image\":{\"@id\":\"https:\\\/\\\/potenciasolar.com.br\\\/#\\\/schema\\\/logo\\\/image\\\/\"},\"sameAs\":[\"https:\\\/\\\/www.facebook.com\\\/potenciasolar_-104193265384586\",\"https:\\\/\\\/www.instagram.com\\\/potenciasolar_\\\/\"]}]}<\/script>\n<!-- \/ Yoast SEO plugin. -->","yoast_head_json":{"title":"Servi\u00e7os - Potencia Solar \u2013 Energia Solar Fotovoltaica &amp; Servi\u00e7os El\u00e9tricos","robots":{"index":"index","follow":"follow","max-snippet":"max-snippet:-1","max-image-preview":"max-image-preview:large","max-video-preview":"max-video-preview:-1"},"canonical":"https:\/\/potenciasolar.com.br\/?page_id=22","og_locale":"pt_BR","og_type":"article","og_title":"Servi\u00e7os - Potencia Solar \u2013 Energia Solar Fotovoltaica &amp; Servi\u00e7os El\u00e9tricos","og_description":"Muito al\u00e9m de energia solar. Entregamos liberdade. Projetos Personalizados de Energia Solar Cada cliente tem uma realidade \u00fanica. Por isso, desenhamos sistemas inteligentes para resid\u00eancias, com\u00e9rcios, ind\u00fastrias e condom\u00ednios. Tudo pensado para entregar o melhor retorno e efici\u00eancia com seguran\u00e7a e prop\u00f3sito. Venda e Instala\u00e7\u00e3o de Placas Solares Trabalhamos com equipamentos certificados e de alta [&hellip;]","og_url":"https:\/\/potenciasolar.com.br\/?page_id=22","og_site_name":"Potencia Solar \u2013 Energia Solar Fotovoltaica &amp; Servi\u00e7os El\u00e9tricos","article_publisher":"https:\/\/www.facebook.com\/potenciasolar_-104193265384586","article_modified_time":"2025-07-14T16:01:23+00:00","og_image":[{"url":"https:\/\/s.w.org\/images\/core\/emoji\/15.1.0\/svg\/2600.svg","type":"","width":"","height":""}],"twitter_card":"summary_large_image","twitter_misc":{"Est. tempo de leitura":"5 minutos"},"schema":{"@context":"https:\/\/schema.org","@graph":[{"@type":"WebPage","@id":"https:\/\/potenciasolar.com.br\/?page_id=22","url":"https:\/\/potenciasolar.com.br\/?page_id=22","name":"Servi\u00e7os - Potencia Solar \u2013 Energia Solar Fotovoltaica &amp; Servi\u00e7os El\u00e9tricos","isPartOf":{"@id":"https:\/\/potenciasolar.com.br\/#website"},"primaryImageOfPage":{"@id":"https:\/\/potenciasolar.com.br\/?page_id=22#primaryimage"},"image":{"@id":"https:\/\/potenciasolar.com.br\/?page_id=22#primaryimage"},"thumbnailUrl":"https:\/\/s.w.org\/images\/core\/emoji\/15.1.0\/svg\/2600.svg","datePublished":"2021-06-19T15:39:55+00:00","dateModified":"2025-07-14T16:01:23+00:00","breadcrumb":{"@id":"https:\/\/potenciasolar.com.br\/?page_id=22#breadcrumb"},"inLanguage":"pt-BR","potentialAction":[{"@type":"ReadAction","target":["https:\/\/potenciasolar.com.br\/?page_id=22"]}]},{"@type":"ImageObject","inLanguage":"pt-BR","@id":"https:\/\/potenciasolar.com.br\/?page_id=22#primaryimage","url":"https:\/\/s.w.org\/images\/core\/emoji\/15.1.0\/svg\/2600.svg","contentUrl":"https:\/\/s.w.org\/images\/core\/emoji\/15.1.0\/svg\/2600.svg"},{"@type":"BreadcrumbList","@id":"https:\/\/potenciasolar.com.br\/?page_id=22#breadcrumb","itemListElement":[{"@type":"ListItem","position":1,"name":"In\u00edcio","item":"https:\/\/potenciasolar.com.br\/"},{"@type":"ListItem","position":2,"name":"Servi\u00e7os"}]},{"@type":"WebSite","@id":"https:\/\/potenciasolar.com.br\/#website","url":"https:\/\/potenciasolar.com.br\/","name":"Potencia Solar \u2013 Energia Solar Fotovoltaica &amp; Servi\u00e7os El\u00e9tricos","description":"Somos uma empresa de Bras\u00edlia com 6 anos de experi\u00eancia no mercado de energia solar. Especializados em solu\u00e7\u00f5es completas para resid\u00eancias e empresas, fornecemos sistemas de alta qualidade e efici\u00eancia para que voc\u00ea possa produzir sua pr\u00f3pria energia e economizar de forma sustent\u00e1vel.","publisher":{"@id":"https:\/\/potenciasolar.com.br\/#organization"},"potentialAction":[{"@type":"SearchAction","target":{"@type":"EntryPoint","urlTemplate":"https:\/\/potenciasolar.com.br\/?s={search_term_string}"},"query-input":{"@type":"PropertyValueSpecification","valueRequired":true,"valueName":"search_term_string"}}],"inLanguage":"pt-BR"},{"@type":"Organization","@id":"https:\/\/potenciasolar.com.br\/#organization","name":"Pot\u00eancia Solar","url":"https:\/\/potenciasolar.com.br\/","logo":{"@type":"ImageObject","inLanguage":"pt-BR","@id":"https:\/\/potenciasolar.com.br\/#\/schema\/logo\/image\/","url":"https:\/\/potenciasolar.com.br\/wp-content\/uploads\/2022\/01\/logo-potencia.png","contentUrl":"https:\/\/potenciasolar.com.br\/wp-content\/uploads\/2022\/01\/logo-potencia.png","width":400,"height":272,"caption":"Pot\u00eancia Solar"},"image":{"@id":"https:\/\/potenciasolar.com.br\/#\/schema\/logo\/image\/"},"sameAs":["https:\/\/www.facebook.com\/potenciasolar_-104193265384586","https:\/\/www.instagram.com\/potenciasolar_\/"]}]}},"_links":{"self":[{"href":"https:\/\/potenciasolar.com.br\/index.php?rest_route=\/wp\/v2\/pages\/22","targetHints":{"allow":["GET"]}}],"collection":[{"href":"https:\/\/potenciasolar.com.br\/index.php?rest_route=\/wp\/v2\/pages"}],"about":[{"href":"https:\/\/potenciasolar.com.br\/index.php?rest_route=\/wp\/v2\/types\/page"}],"author":[{"embeddable":true,"href":"https:\/\/potenciasolar.com.br\/index.php?rest_route=\/wp\/v2\/users\/1"}],"replies":[{"embeddable":true,"href":"https:\/\/potenciasolar.com.br\/index.php?rest_route=%2Fwp%2Fv2%2Fcomments&post=22"}],"version-history":[{"count":67,"href":"https:\/\/potenciasolar.com.br\/index.php?rest_route=\/wp\/v2\/pages\/22\/revisions"}],"predecessor-version":[{"id":5352,"href":"https:\/\/potenciasolar.com.br\/index.php?rest_route=\/wp\/v2\/pages\/22\/revisions\/5352"}],"wp:attachment":[{"href":"https:\/\/potenciasolar.com.br\/index.php?rest_route=%2Fwp%2Fv2%2Fmedia&parent=22"}],"curies":[{"name":"wp","href":"https:\/\/api.w.org\/{rel}","templated":true}]}}