{"id":14,"date":"2021-06-19T15:38:20","date_gmt":"2021-06-19T15:38:20","guid":{"rendered":"http:\/\/localhost:8888\/capatel\/?page_id=14"},"modified":"2023-07-14T21:26:37","modified_gmt":"2023-07-15T00:26:37","slug":"our-project","status":"publish","type":"page","link":"https:\/\/potenciasolar.com.br\/?page_id=14","title":{"rendered":"Projetos"},"content":{"rendered":"\t\t<div data-elementor-type=\"wp-page\" data-elementor-id=\"14\" class=\"elementor elementor-14\">\n\t\t\t\t\t\t<section class=\"elementor-section elementor-top-section elementor-element elementor-element-6a564e8 elementor-section-full_width elementor-section-height-default elementor-section-height-default\" data-id=\"6a564e8\" data-element_type=\"section\" data-e-type=\"section\">\n\t\t\t\t\t\t<div class=\"elementor-container elementor-column-gap-no\">\n\t\t\t\t\t<div class=\"elementor-column elementor-col-100 elementor-top-column elementor-element elementor-element-df8014f\" data-id=\"df8014f\" data-element_type=\"column\" data-e-type=\"column\">\n\t\t\t<div class=\"elementor-widget-wrap elementor-element-populated\">\n\t\t\t\t\t\t<div class=\"elementor-element elementor-element-f0a3f9d elementor-widget elementor-widget-Elementor-portfolio-widget\" data-id=\"f0a3f9d\" data-element_type=\"widget\" data-e-type=\"widget\" data-widget_type=\"Elementor-portfolio-widget.default\">\n\t\t\t\t<div class=\"elementor-widget-container\">\n\t\t\t\t\t<!-- gallery-area -->\r\n<section id=\"work\" class=\"pt-120 pb-90\" style=\"background: url(http:\/\/wordpress.zcube.in\/capatel\/wp-content\/uploads\/2021\/06\/aliment-right.png) no-repeat; background-position: right center;\">\r\n        <div class=\"container\">   \r\n            <div class=\"portfolio \">\r\n                <div class=\"row align-items-center mb-50 text-center\">                          \r\n                    <div class=\"col-lg-12\">\r\n                        <div class=\"my-masonry\">\r\n                            <div class=\"button-group filter-button-group \">\r\n                                <button class=\"active\" data-filter=\"*\">Tudo<\/button>\r\n                                                                <button data-filter=\".hydro-power-plants\">HYDRO POWER PLANTS<\/button>\r\n                                                                <button data-filter=\".solar-energy\">SOLAR ENERGY<\/button>\r\n                                                                <button data-filter=\".wind-energy\">WIND ENERGY<\/button>\r\n                                                            <\/div>\r\n                        <\/div>\r\n                    <\/div>\r\n                <\/div>\r\n                \r\n            <div class=\"grid col3\">\r\n                                                \r\n                        <div class=\"grid-item hydro-power-plants\">     \r\n                            <a href=\"https:\/\/potenciasolar.com.br\/?portfolio=interior\">\r\n                                <figure class=\"gallery-image\">\r\n                                    <img fetchpriority=\"high\" decoding=\"async\" width=\"370\" height=\"400\" src=\"https:\/\/potenciasolar.com.br\/wp-content\/uploads\/2021\/06\/protfolio-img01-2.png\" class=\"attachment-post-thumbnail size-post-thumbnail wp-post-image\" alt=\"\" srcset=\"https:\/\/potenciasolar.com.br\/wp-content\/uploads\/2021\/06\/protfolio-img01-2.png 370w, https:\/\/potenciasolar.com.br\/wp-content\/uploads\/2021\/06\/protfolio-img01-2-278x300.png 278w\" sizes=\"(max-width: 370px) 100vw, 370px\" \/>        \r\n                                    <figcaption>\r\n                                         <h4>HYDRO POWER 01<\/h4>\r\n                                    <\/figcaption>\r\n                                <\/figure>\r\n                            <\/a>\r\n                        <\/div>\r\n                                                \r\n                        <div class=\"grid-item solar-energy\">     \r\n                            <a href=\"https:\/\/potenciasolar.com.br\/?portfolio=architecture\">\r\n                                <figure class=\"gallery-image\">\r\n                                    <img decoding=\"async\" width=\"370\" height=\"270\" src=\"https:\/\/potenciasolar.com.br\/wp-content\/uploads\/2021\/06\/protfolio-img02-1.png\" class=\"attachment-post-thumbnail size-post-thumbnail wp-post-image\" alt=\"\" srcset=\"https:\/\/potenciasolar.com.br\/wp-content\/uploads\/2021\/06\/protfolio-img02-1.png 370w, https:\/\/potenciasolar.com.br\/wp-content\/uploads\/2021\/06\/protfolio-img02-1-300x219.png 300w\" sizes=\"(max-width: 370px) 100vw, 370px\" \/>        \r\n                                    <figcaption>\r\n                                         <h4>SOLAR ENERGY 01<\/h4>\r\n                                    <\/figcaption>\r\n                                <\/figure>\r\n                            <\/a>\r\n                        <\/div>\r\n                                                \r\n                        <div class=\"grid-item wind-energy\">     \r\n                            <a href=\"https:\/\/potenciasolar.com.br\/?portfolio=designer\">\r\n                                <figure class=\"gallery-image\">\r\n                                    <img decoding=\"async\" width=\"370\" height=\"400\" src=\"https:\/\/potenciasolar.com.br\/wp-content\/uploads\/2021\/06\/protfolio-img03-2.png\" class=\"attachment-post-thumbnail size-post-thumbnail wp-post-image\" alt=\"\" srcset=\"https:\/\/potenciasolar.com.br\/wp-content\/uploads\/2021\/06\/protfolio-img03-2.png 370w, https:\/\/potenciasolar.com.br\/wp-content\/uploads\/2021\/06\/protfolio-img03-2-278x300.png 278w\" sizes=\"(max-width: 370px) 100vw, 370px\" \/>        \r\n                                    <figcaption>\r\n                                         <h4>WIND ENERGY 01<\/h4>\r\n                                    <\/figcaption>\r\n                                <\/figure>\r\n                            <\/a>\r\n                        <\/div>\r\n                                                \r\n                        <div class=\"grid-item hydro-power-plants\">     \r\n                            <a href=\"https:\/\/potenciasolar.com.br\/?portfolio=exterior\">\r\n                                <figure class=\"gallery-image\">\r\n                                    <img loading=\"lazy\" decoding=\"async\" width=\"370\" height=\"400\" src=\"https:\/\/potenciasolar.com.br\/wp-content\/uploads\/2021\/06\/protfolio-img04-2.png\" class=\"attachment-post-thumbnail size-post-thumbnail wp-post-image\" alt=\"\" srcset=\"https:\/\/potenciasolar.com.br\/wp-content\/uploads\/2021\/06\/protfolio-img04-2.png 370w, https:\/\/potenciasolar.com.br\/wp-content\/uploads\/2021\/06\/protfolio-img04-2-278x300.png 278w\" sizes=\"(max-width: 370px) 100vw, 370px\" \/>        \r\n                                    <figcaption>\r\n                                         <h4>HYDRO POWER 02<\/h4>\r\n                                    <\/figcaption>\r\n                                <\/figure>\r\n                            <\/a>\r\n                        <\/div>\r\n                                                \r\n                        <div class=\"grid-item solar-energy\">     \r\n                            <a href=\"https:\/\/potenciasolar.com.br\/?portfolio=commercial\">\r\n                                <figure class=\"gallery-image\">\r\n                                    <img loading=\"lazy\" decoding=\"async\" width=\"370\" height=\"270\" src=\"https:\/\/potenciasolar.com.br\/wp-content\/uploads\/2021\/05\/protfolio-img0005.png\" class=\"attachment-post-thumbnail size-post-thumbnail wp-post-image\" alt=\"\" srcset=\"https:\/\/potenciasolar.com.br\/wp-content\/uploads\/2021\/05\/protfolio-img0005.png 370w, https:\/\/potenciasolar.com.br\/wp-content\/uploads\/2021\/05\/protfolio-img0005-300x219.png 300w\" sizes=\"(max-width: 370px) 100vw, 370px\" \/>        \r\n                                    <figcaption>\r\n                                         <h4>SOLAR ENERGY 02<\/h4>\r\n                                    <\/figcaption>\r\n                                <\/figure>\r\n                            <\/a>\r\n                        <\/div>\r\n                                                \r\n                        <div class=\"grid-item wind-energy\">     \r\n                            <a href=\"https:\/\/potenciasolar.com.br\/?portfolio=office-cleaning\">\r\n                                <figure class=\"gallery-image\">\r\n                                    <img loading=\"lazy\" decoding=\"async\" width=\"370\" height=\"270\" src=\"https:\/\/potenciasolar.com.br\/wp-content\/uploads\/2021\/06\/protfolio-img06-2.png\" class=\"attachment-post-thumbnail size-post-thumbnail wp-post-image\" alt=\"\" srcset=\"https:\/\/potenciasolar.com.br\/wp-content\/uploads\/2021\/06\/protfolio-img06-2.png 370w, https:\/\/potenciasolar.com.br\/wp-content\/uploads\/2021\/06\/protfolio-img06-2-300x219.png 300w\" sizes=\"(max-width: 370px) 100vw, 370px\" \/>        \r\n                                    <figcaption>\r\n                                         <h4>WIND ENERGY 02<\/h4>\r\n                                    <\/figcaption>\r\n                                <\/figure>\r\n                            <\/a>\r\n                        <\/div>\r\n                \t\t\r\n            <\/div>\r\n        <\/div>\r\n    <\/div>\r\n<\/section>\r\n<!-- gallery-area-end -->\t\t\t\t<\/div>\n\t\t\t\t<\/div>\n\t\t\t\t\t<\/div>\n\t\t<\/div>\n\t\t\t\t\t<\/div>\n\t\t<\/section>\n\t\t\t\t<\/div>\n\t\t","protected":false},"excerpt":{"rendered":"","protected":false},"author":1,"featured_media":0,"parent":0,"menu_order":0,"comment_status":"closed","ping_status":"closed","template":"inside.php","meta":{"saved_in_kubio":false,"om_disable_all_campaigns":false,"footnotes":""},"class_list":["post-14","page","type-page","status-publish","hentry"],"kubio_ai_page_context":{"short_desc":"","purpose":"general"},"yoast_head":"<!-- This site is optimized with the Yoast SEO plugin v27.5 - https:\/\/yoast.com\/product\/yoast-seo-wordpress\/ -->\n<title>Projetos - Potencia Solar \u2013 Energia Solar Fotovoltaica &amp; Servi\u00e7os El\u00e9tricos<\/title>\n<meta name=\"robots\" content=\"index, follow, max-snippet:-1, max-image-preview:large, max-video-preview:-1\" \/>\n<link rel=\"canonical\" href=\"https:\/\/potenciasolar.com.br\/?page_id=14\" \/>\n<meta property=\"og:locale\" content=\"pt_BR\" \/>\n<meta property=\"og:type\" content=\"article\" \/>\n<meta property=\"og:title\" content=\"Projetos - Potencia Solar \u2013 Energia Solar Fotovoltaica &amp; Servi\u00e7os El\u00e9tricos\" \/>\n<meta property=\"og:url\" content=\"https:\/\/potenciasolar.com.br\/?page_id=14\" \/>\n<meta property=\"og:site_name\" content=\"Potencia Solar \u2013 Energia Solar Fotovoltaica &amp; Servi\u00e7os El\u00e9tricos\" \/>\n<meta property=\"article:publisher\" content=\"https:\/\/www.facebook.com\/potenciasolar_-104193265384586\" \/>\n<meta property=\"article:modified_time\" content=\"2023-07-15T00:26:37+00:00\" \/>\n<meta name=\"twitter:card\" content=\"summary_large_image\" \/>\n<script type=\"application\/ld+json\" class=\"yoast-schema-graph\">{\"@context\":\"https:\\\/\\\/schema.org\",\"@graph\":[{\"@type\":\"WebPage\",\"@id\":\"https:\\\/\\\/potenciasolar.com.br\\\/?page_id=14\",\"url\":\"https:\\\/\\\/potenciasolar.com.br\\\/?page_id=14\",\"name\":\"Projetos - Potencia Solar \u2013 Energia Solar Fotovoltaica &amp; Servi\u00e7os El\u00e9tricos\",\"isPartOf\":{\"@id\":\"https:\\\/\\\/potenciasolar.com.br\\\/#website\"},\"datePublished\":\"2021-06-19T15:38:20+00:00\",\"dateModified\":\"2023-07-15T00:26:37+00:00\",\"breadcrumb\":{\"@id\":\"https:\\\/\\\/potenciasolar.com.br\\\/?page_id=14#breadcrumb\"},\"inLanguage\":\"pt-BR\",\"potentialAction\":[{\"@type\":\"ReadAction\",\"target\":[\"https:\\\/\\\/potenciasolar.com.br\\\/?page_id=14\"]}]},{\"@type\":\"BreadcrumbList\",\"@id\":\"https:\\\/\\\/potenciasolar.com.br\\\/?page_id=14#breadcrumb\",\"itemListElement\":[{\"@type\":\"ListItem\",\"position\":1,\"name\":\"In\u00edcio\",\"item\":\"https:\\\/\\\/potenciasolar.com.br\\\/\"},{\"@type\":\"ListItem\",\"position\":2,\"name\":\"Projetos\"}]},{\"@type\":\"WebSite\",\"@id\":\"https:\\\/\\\/potenciasolar.com.br\\\/#website\",\"url\":\"https:\\\/\\\/potenciasolar.com.br\\\/\",\"name\":\"Potencia Solar \u2013 Energia Solar Fotovoltaica &amp; Servi\u00e7os El\u00e9tricos\",\"description\":\"Somos uma empresa de Bras\u00edlia com 6 anos de experi\u00eancia no mercado de energia solar. Especializados em solu\u00e7\u00f5es completas para resid\u00eancias e empresas, fornecemos sistemas de alta qualidade e efici\u00eancia para que voc\u00ea possa produzir sua pr\u00f3pria energia e economizar de forma sustent\u00e1vel.\",\"publisher\":{\"@id\":\"https:\\\/\\\/potenciasolar.com.br\\\/#organization\"},\"potentialAction\":[{\"@type\":\"SearchAction\",\"target\":{\"@type\":\"EntryPoint\",\"urlTemplate\":\"https:\\\/\\\/potenciasolar.com.br\\\/?s={search_term_string}\"},\"query-input\":{\"@type\":\"PropertyValueSpecification\",\"valueRequired\":true,\"valueName\":\"search_term_string\"}}],\"inLanguage\":\"pt-BR\"},{\"@type\":\"Organization\",\"@id\":\"https:\\\/\\\/potenciasolar.com.br\\\/#organization\",\"name\":\"Pot\u00eancia Solar\",\"url\":\"https:\\\/\\\/potenciasolar.com.br\\\/\",\"logo\":{\"@type\":\"ImageObject\",\"inLanguage\":\"pt-BR\",\"@id\":\"https:\\\/\\\/potenciasolar.com.br\\\/#\\\/schema\\\/logo\\\/image\\\/\",\"url\":\"https:\\\/\\\/potenciasolar.com.br\\\/wp-content\\\/uploads\\\/2022\\\/01\\\/logo-potencia.png\",\"contentUrl\":\"https:\\\/\\\/potenciasolar.com.br\\\/wp-content\\\/uploads\\\/2022\\\/01\\\/logo-potencia.png\",\"width\":400,\"height\":272,\"caption\":\"Pot\u00eancia Solar\"},\"image\":{\"@id\":\"https:\\\/\\\/potenciasolar.com.br\\\/#\\\/schema\\\/logo\\\/image\\\/\"},\"sameAs\":[\"https:\\\/\\\/www.facebook.com\\\/potenciasolar_-104193265384586\",\"https:\\\/\\\/www.instagram.com\\\/potenciasolar_\\\/\"]}]}<\/script>\n<!-- \/ Yoast SEO plugin. -->","yoast_head_json":{"title":"Projetos - Potencia Solar \u2013 Energia Solar Fotovoltaica &amp; Servi\u00e7os El\u00e9tricos","robots":{"index":"index","follow":"follow","max-snippet":"max-snippet:-1","max-image-preview":"max-image-preview:large","max-video-preview":"max-video-preview:-1"},"canonical":"https:\/\/potenciasolar.com.br\/?page_id=14","og_locale":"pt_BR","og_type":"article","og_title":"Projetos - Potencia Solar \u2013 Energia Solar Fotovoltaica &amp; Servi\u00e7os El\u00e9tricos","og_url":"https:\/\/potenciasolar.com.br\/?page_id=14","og_site_name":"Potencia Solar \u2013 Energia Solar Fotovoltaica &amp; Servi\u00e7os El\u00e9tricos","article_publisher":"https:\/\/www.facebook.com\/potenciasolar_-104193265384586","article_modified_time":"2023-07-15T00:26:37+00:00","twitter_card":"summary_large_image","schema":{"@context":"https:\/\/schema.org","@graph":[{"@type":"WebPage","@id":"https:\/\/potenciasolar.com.br\/?page_id=14","url":"https:\/\/potenciasolar.com.br\/?page_id=14","name":"Projetos - Potencia Solar \u2013 Energia Solar Fotovoltaica &amp; Servi\u00e7os El\u00e9tricos","isPartOf":{"@id":"https:\/\/potenciasolar.com.br\/#website"},"datePublished":"2021-06-19T15:38:20+00:00","dateModified":"2023-07-15T00:26:37+00:00","breadcrumb":{"@id":"https:\/\/potenciasolar.com.br\/?page_id=14#breadcrumb"},"inLanguage":"pt-BR","potentialAction":[{"@type":"ReadAction","target":["https:\/\/potenciasolar.com.br\/?page_id=14"]}]},{"@type":"BreadcrumbList","@id":"https:\/\/potenciasolar.com.br\/?page_id=14#breadcrumb","itemListElement":[{"@type":"ListItem","position":1,"name":"In\u00edcio","item":"https:\/\/potenciasolar.com.br\/"},{"@type":"ListItem","position":2,"name":"Projetos"}]},{"@type":"WebSite","@id":"https:\/\/potenciasolar.com.br\/#website","url":"https:\/\/potenciasolar.com.br\/","name":"Potencia Solar \u2013 Energia Solar Fotovoltaica &amp; Servi\u00e7os El\u00e9tricos","description":"Somos uma empresa de Bras\u00edlia com 6 anos de experi\u00eancia no mercado de energia solar. Especializados em solu\u00e7\u00f5es completas para resid\u00eancias e empresas, fornecemos sistemas de alta qualidade e efici\u00eancia para que voc\u00ea possa produzir sua pr\u00f3pria energia e economizar de forma sustent\u00e1vel.","publisher":{"@id":"https:\/\/potenciasolar.com.br\/#organization"},"potentialAction":[{"@type":"SearchAction","target":{"@type":"EntryPoint","urlTemplate":"https:\/\/potenciasolar.com.br\/?s={search_term_string}"},"query-input":{"@type":"PropertyValueSpecification","valueRequired":true,"valueName":"search_term_string"}}],"inLanguage":"pt-BR"},{"@type":"Organization","@id":"https:\/\/potenciasolar.com.br\/#organization","name":"Pot\u00eancia Solar","url":"https:\/\/potenciasolar.com.br\/","logo":{"@type":"ImageObject","inLanguage":"pt-BR","@id":"https:\/\/potenciasolar.com.br\/#\/schema\/logo\/image\/","url":"https:\/\/potenciasolar.com.br\/wp-content\/uploads\/2022\/01\/logo-potencia.png","contentUrl":"https:\/\/potenciasolar.com.br\/wp-content\/uploads\/2022\/01\/logo-potencia.png","width":400,"height":272,"caption":"Pot\u00eancia Solar"},"image":{"@id":"https:\/\/potenciasolar.com.br\/#\/schema\/logo\/image\/"},"sameAs":["https:\/\/www.facebook.com\/potenciasolar_-104193265384586","https:\/\/www.instagram.com\/potenciasolar_\/"]}]}},"_links":{"self":[{"href":"https:\/\/potenciasolar.com.br\/index.php?rest_route=\/wp\/v2\/pages\/14","targetHints":{"allow":["GET"]}}],"collection":[{"href":"https:\/\/potenciasolar.com.br\/index.php?rest_route=\/wp\/v2\/pages"}],"about":[{"href":"https:\/\/potenciasolar.com.br\/index.php?rest_route=\/wp\/v2\/types\/page"}],"author":[{"embeddable":true,"href":"https:\/\/potenciasolar.com.br\/index.php?rest_route=\/wp\/v2\/users\/1"}],"replies":[{"embeddable":true,"href":"https:\/\/potenciasolar.com.br\/index.php?rest_route=%2Fwp%2Fv2%2Fcomments&post=14"}],"version-history":[{"count":1,"href":"https:\/\/potenciasolar.com.br\/index.php?rest_route=\/wp\/v2\/pages\/14\/revisions"}],"predecessor-version":[{"id":3594,"href":"https:\/\/potenciasolar.com.br\/index.php?rest_route=\/wp\/v2\/pages\/14\/revisions\/3594"}],"wp:attachment":[{"href":"https:\/\/potenciasolar.com.br\/index.php?rest_route=%2Fwp%2Fv2%2Fmedia&parent=14"}],"curies":[{"name":"wp","href":"https:\/\/api.w.org\/{rel}","templated":true}]}}